{"id":9,"date":"2020-02-28T08:50:19","date_gmt":"2020-02-28T07:50:19","guid":{"rendered":"https:\/\/demosoledad.pencidesign.net\/soledad-market-intelligence-firm-multipurpose\/?page_id=9"},"modified":"2022-04-13T13:07:43","modified_gmt":"2022-04-13T11:07:43","slug":"miejsce","status":"publish","type":"page","link":"https:\/\/itprzemysl40.com\/edycja-2022\/miejsce\/","title":{"rendered":"Miejsce"},"content":{"rendered":"\t\t<div data-elementor-type=\"wp-page\" data-elementor-id=\"9\" class=\"elementor elementor-9\" data-elementor-post-type=\"page\">\n\t\t\t\t\t\t\t\t\t<section class=\"penci-section penci-dmcheck penci-elbg-activate penci-disSticky penci-structure-20 elementor-section elementor-top-section elementor-element elementor-element-ea1805b elementor-section-content-middle elementor-section-boxed elementor-section-height-default elementor-section-height-default\" data-id=\"ea1805b\" data-element_type=\"section\" data-settings=\"{&quot;background_background&quot;:&quot;classic&quot;}\">\n\t\t\t\t\t\t<div class=\"elementor-container elementor-column-gap-wider\">\n\t\t\t\t\t<div class=\"penci-ercol-50 penci-ercol-order-1 penci-sticky-ct    elementor-column elementor-col-50 elementor-top-column elementor-element elementor-element-ec8fe54\" data-id=\"ec8fe54\" data-element_type=\"column\">\n\t\t\t<div class=\"elementor-widget-wrap elementor-element-populated\">\n\t\t\t\t\t\t\t\t<div class=\"elementor-element elementor-element-6a0d48d elementor-widget elementor-widget-penci-fancy_heading\" data-id=\"6a0d48d\" data-element_type=\"widget\" data-widget_type=\"penci-fancy_heading.default\">\n\t\t\t\t<div class=\"elementor-widget-container\">\n\t\t\t\t\t<div class=\"penci-fancy-heading penci-heading-text-left\">\r\n\t\t\t<div class=\"penci-fancy-heading-inner\">\r\n\t\t\t\t<h2 class=\"penci-heading-title\"><span class=\"inner-tit\">Miejsce<\/span><\/h2>\t\t\t<\/div>\r\n\t\t<\/div>\r\n\t\t\t\t<\/div>\n\t\t\t\t<\/div>\n\t\t\t\t\t<\/div>\n\t\t<\/div>\n\t\t\t\t<div class=\"penci-ercol-50 penci-ercol-order-2 penci-sticky-ct    elementor-column elementor-col-50 elementor-top-column elementor-element elementor-element-13c71f2\" data-id=\"13c71f2\" data-element_type=\"column\">\n\t\t\t<div class=\"elementor-widget-wrap\">\n\t\t\t\t\t\t\t\t\t<\/div>\n\t\t<\/div>\n\t\t\t\t\t\t\t<\/div>\n\t\t<\/section>\n\t\t\t\t<section class=\"penci-section penci-disSticky penci-structure-20 elementor-section elementor-top-section elementor-element elementor-element-1cb788e elementor-section-content-middle elementor-section-boxed elementor-section-height-default elementor-section-height-default\" data-id=\"1cb788e\" data-element_type=\"section\">\n\t\t\t\t\t\t<div class=\"elementor-container elementor-column-gap-no\">\n\t\t\t\t\t<div class=\"penci-ercol-50 penci-ercol-order-1 penci-sticky-ct    elementor-column elementor-col-50 elementor-top-column elementor-element elementor-element-17a95bf\" data-id=\"17a95bf\" data-element_type=\"column\">\n\t\t\t<div class=\"elementor-widget-wrap elementor-element-populated\">\n\t\t\t\t\t\t\t\t<div class=\"elementor-element elementor-element-c347962 elementor-widget elementor-widget-image\" data-id=\"c347962\" data-element_type=\"widget\" data-widget_type=\"image.default\">\n\t\t\t\t<div class=\"elementor-widget-container\">\n\t\t\t\t\t\t\t\t\t\t\t\t\t\t\t<img fetchpriority=\"high\" decoding=\"async\" width=\"1024\" height=\"724\" src=\"https:\/\/itprzemysl40.com\/edycja-2022\/wp-content\/uploads\/2022\/03\/entrepreneur-1340649_1920-1024x724.jpg\" class=\"attachment-large size-large wp-image-1509\" alt=\"\" srcset=\"https:\/\/itprzemysl40.com\/edycja-2022\/wp-content\/uploads\/2022\/03\/entrepreneur-1340649_1920-1024x724.jpg 1024w, https:\/\/itprzemysl40.com\/edycja-2022\/wp-content\/uploads\/2022\/03\/entrepreneur-1340649_1920-300x212.jpg 300w, https:\/\/itprzemysl40.com\/edycja-2022\/wp-content\/uploads\/2022\/03\/entrepreneur-1340649_1920-768x543.jpg 768w, https:\/\/itprzemysl40.com\/edycja-2022\/wp-content\/uploads\/2022\/03\/entrepreneur-1340649_1920-1536x1086.jpg 1536w, https:\/\/itprzemysl40.com\/edycja-2022\/wp-content\/uploads\/2022\/03\/entrepreneur-1340649_1920-1170x827.jpg 1170w, https:\/\/itprzemysl40.com\/edycja-2022\/wp-content\/uploads\/2022\/03\/entrepreneur-1340649_1920-585x413.jpg 585w, https:\/\/itprzemysl40.com\/edycja-2022\/wp-content\/uploads\/2022\/03\/entrepreneur-1340649_1920.jpg 1920w\" sizes=\"(max-width: 1024px) 100vw, 1024px\" \/>\t\t\t\t\t\t\t\t\t\t\t\t\t\t\t<\/div>\n\t\t\t\t<\/div>\n\t\t\t\t\t<\/div>\n\t\t<\/div>\n\t\t\t\t<div class=\"penci-ercol-50 penci-ercol-order-2 penci-sticky-ct  penci-dmcheck penci-elbg-activate  elementor-column elementor-col-50 elementor-top-column elementor-element elementor-element-046621a\" data-id=\"046621a\" data-element_type=\"column\" data-settings=\"{&quot;background_background&quot;:&quot;classic&quot;}\">\n\t\t\t<div class=\"elementor-widget-wrap elementor-element-populated\">\n\t\t\t\t\t\t\t\t<div class=\"elementor-element elementor-element-895b729 elementor-widget elementor-widget-penci-fancy_heading\" data-id=\"895b729\" data-element_type=\"widget\" data-widget_type=\"penci-fancy_heading.default\">\n\t\t\t\t<div class=\"elementor-widget-container\">\n\t\t\t\t\t<div class=\"penci-fancy-heading penci-heading-text-left\">\r\n\t\t\t<div class=\"penci-fancy-heading-inner\">\r\n\t\t\t\t<h2 class=\"penci-heading-title\"><span class=\"inner-tit\">Miejsce:<\/span><\/h2><div class=\"penci-heading-content entry-content\"><p>Sie\u0107 Badawcza \u0141ukasiewicz \u2013 Instytut Technik Innowacyjnych EMAG jest instytutem sieci, specjalizuj\u0105cym si\u0119 w informatyce stosowanej, informatyce technicznej oraz technologiach informacyjnych.<br \/>\nZajmuje si\u0119 m.in. szeroko rozumianym cyberbezpiecze\u0144stwem, sztuczn\u0105 inteligencj\u0105, analiz\u0105 danych (systemami wspomagania decyzji), IoT (Przemys\u0142 4.0, Smart Cities), cyfrowymi us\u0142ugami publicznymi oraz badaniami laboratoryjnymi. <\/p>\n<\/div>\t\t\t<\/div>\r\n\t\t<\/div>\r\n\t\t\t\t<\/div>\n\t\t\t\t<\/div>\n\t\t\t\t\t<\/div>\n\t\t<\/div>\n\t\t\t\t\t\t\t<\/div>\n\t\t<\/section>\n\t\t\t\t<section class=\"penci-section penci-disSticky penci-structure-20 elementor-section elementor-top-section elementor-element elementor-element-b3f40e0 elementor-section-content-middle elementor-section-boxed elementor-section-height-default elementor-section-height-default\" data-id=\"b3f40e0\" data-element_type=\"section\">\n\t\t\t\t\t\t<div class=\"elementor-container elementor-column-gap-no\">\n\t\t\t\t\t<div class=\"penci-ercol-50 penci-ercol-order-1 penci-sticky-ct  penci-dmcheck penci-elbg-activate  elementor-column elementor-col-50 elementor-top-column elementor-element elementor-element-d8686e0\" data-id=\"d8686e0\" data-element_type=\"column\" data-settings=\"{&quot;background_background&quot;:&quot;classic&quot;}\">\n\t\t\t<div class=\"elementor-widget-wrap elementor-element-populated\">\n\t\t\t\t\t\t\t\t<div class=\"elementor-element elementor-element-77ca1eb elementor-widget elementor-widget-penci-fancy_heading\" data-id=\"77ca1eb\" data-element_type=\"widget\" data-widget_type=\"penci-fancy_heading.default\">\n\t\t\t\t<div class=\"elementor-widget-container\">\n\t\t\t\t\t<div class=\"penci-fancy-heading penci-heading-text-left\">\r\n\t\t\t<div class=\"penci-fancy-heading-inner\">\r\n\t\t\t\t<div class=\"penci-heading-content entry-content\"><p>Instytut wsp\u00f3\u0142tworzy Sie\u0107 Badawcz\u0105 \u0141ukasiewicz \u2013 trzeci\u0105 najwi\u0119ksz\u0105 sie\u0107 badawcz\u0105 w Europie, kt\u00f3ra skupia 28 instytut\u00f3w, zlokalizowanych w 12 miastach oraz zatrudnia 8 tys. pracownik\u00f3w. Sie\u0107 Badawcza \u0141ukasiewicz pracuje dla przedsi\u0119biorczo\u015bci i wspiera rozw\u00f3j polskich firm. \u0141ukasiewicz - EMAG to miejsce \u0142\u0105cz\u0105ce nauk\u0119 z biznesem.<\/p>\n<\/div>\t\t\t<\/div>\r\n\t\t<\/div>\r\n\t\t\t\t<\/div>\n\t\t\t\t<\/div>\n\t\t\t\t<div class=\"elementor-element elementor-element-ce723cc elementor-hidden-desktop elementor-hidden-tablet elementor-hidden-phone elementor-widget elementor-widget-button\" data-id=\"ce723cc\" data-element_type=\"widget\" data-widget_type=\"button.default\">\n\t\t\t\t<div class=\"elementor-widget-container\">\n\t\t\t\t\t<div class=\"elementor-button-wrapper\">\n\t\t\t<a class=\"elementor-button elementor-button-link elementor-size-sm\" href=\"#\">\n\t\t\t\t\t\t<span class=\"elementor-button-content-wrapper\">\n\t\t\t\t\t\t<span class=\"elementor-button-text\">Join Us Now<\/span>\n\t\t<\/span>\n\t\t\t\t\t<\/a>\n\t\t<\/div>\n\t\t\t\t<\/div>\n\t\t\t\t<\/div>\n\t\t\t\t\t<\/div>\n\t\t<\/div>\n\t\t\t\t<div class=\"penci-ercol-50 penci-ercol-order-2 penci-sticky-ct    elementor-column elementor-col-50 elementor-top-column elementor-element elementor-element-288ba23 elementor-hidden-phone\" data-id=\"288ba23\" data-element_type=\"column\">\n\t\t\t<div class=\"elementor-widget-wrap elementor-element-populated\">\n\t\t\t\t\t\t\t\t<div class=\"elementor-element elementor-element-f76970d elementor-widget elementor-widget-image\" data-id=\"f76970d\" data-element_type=\"widget\" data-widget_type=\"image.default\">\n\t\t\t\t<div class=\"elementor-widget-container\">\n\t\t\t\t\t\t\t\t\t\t\t\t\t\t\t<img decoding=\"async\" width=\"1024\" height=\"630\" src=\"https:\/\/itprzemysl40.com\/edycja-2022\/wp-content\/uploads\/2022\/04\/itprzemsyl40.png\" class=\"attachment-large size-large wp-image-1801\" alt=\"\" srcset=\"https:\/\/itprzemysl40.com\/edycja-2022\/wp-content\/uploads\/2022\/04\/itprzemsyl40.png 1024w, https:\/\/itprzemysl40.com\/edycja-2022\/wp-content\/uploads\/2022\/04\/itprzemsyl40-300x185.png 300w, https:\/\/itprzemysl40.com\/edycja-2022\/wp-content\/uploads\/2022\/04\/itprzemsyl40-768x473.png 768w, https:\/\/itprzemysl40.com\/edycja-2022\/wp-content\/uploads\/2022\/04\/itprzemsyl40-585x360.png 585w\" sizes=\"(max-width: 1024px) 100vw, 1024px\" \/>\t\t\t\t\t\t\t\t\t\t\t\t\t\t\t<\/div>\n\t\t\t\t<\/div>\n\t\t\t\t\t<\/div>\n\t\t<\/div>\n\t\t\t\t\t\t\t<\/div>\n\t\t<\/section>\n\t\t\t\t\t\t\t<\/div>\n\t\t","protected":false},"excerpt":{"rendered":"<p>Miejsce Miejsce: Sie\u0107 Badawcza \u0141ukasiewicz \u2013 Instytut Technik Innowacyjnych EMAG jest instytutem sieci, specjalizuj\u0105cym si\u0119 w informatyce stosowanej, informatyce technicznej oraz technologiach informacyjnych. Zajmuje si\u0119 m.in. szeroko rozumianym cyberbezpiecze\u0144stwem, sztuczn\u0105&hellip;<\/p>\n","protected":false},"author":1,"featured_media":0,"parent":0,"menu_order":0,"comment_status":"closed","ping_status":"closed","template":"page-fullwidth.php","meta":{"footnotes":""},"_links":{"self":[{"href":"https:\/\/itprzemysl40.com\/edycja-2022\/wp-json\/wp\/v2\/pages\/9"}],"collection":[{"href":"https:\/\/itprzemysl40.com\/edycja-2022\/wp-json\/wp\/v2\/pages"}],"about":[{"href":"https:\/\/itprzemysl40.com\/edycja-2022\/wp-json\/wp\/v2\/types\/page"}],"author":[{"embeddable":true,"href":"https:\/\/itprzemysl40.com\/edycja-2022\/wp-json\/wp\/v2\/users\/1"}],"replies":[{"embeddable":true,"href":"https:\/\/itprzemysl40.com\/edycja-2022\/wp-json\/wp\/v2\/comments?post=9"}],"version-history":[{"count":37,"href":"https:\/\/itprzemysl40.com\/edycja-2022\/wp-json\/wp\/v2\/pages\/9\/revisions"}],"predecessor-version":[{"id":1815,"href":"https:\/\/itprzemysl40.com\/edycja-2022\/wp-json\/wp\/v2\/pages\/9\/revisions\/1815"}],"wp:attachment":[{"href":"https:\/\/itprzemysl40.com\/edycja-2022\/wp-json\/wp\/v2\/media?parent=9"}],"curies":[{"name":"wp","href":"https:\/\/api.w.org\/{rel}","templated":true}]}}