{"id":7,"date":"2020-02-27T08:50:05","date_gmt":"2020-02-27T07:50:05","guid":{"rendered":"https:\/\/demosoledad.pencidesign.net\/soledad-market-intelligence-firm-multipurpose\/?page_id=7"},"modified":"2024-02-10T14:11:19","modified_gmt":"2024-02-10T13:11:19","slug":"o-konferencji","status":"publish","type":"page","link":"https:\/\/itprzemysl40.com\/edycja-2022\/","title":{"rendered":"O Konferencji"},"content":{"rendered":"\t\t<div data-elementor-type=\"wp-page\" data-elementor-id=\"7\" class=\"elementor elementor-7\" data-elementor-post-type=\"page\">\n\t\t\t\t\t\t\t\t\t<section class=\"penci-section penci-disSticky penci-structure-60 elementor-section elementor-top-section elementor-element elementor-element-e6c7115 elementor-section-full_width elementor-section-height-min-height elementor-section-height-default elementor-section-items-middle\" data-id=\"e6c7115\" data-element_type=\"section\">\n\t\t\t\t\t\t<div class=\"elementor-container elementor-column-gap-default\">\n\t\t\t\t\t<div class=\"penci-ercol-16 penci-ercol-order-1 penci-sticky-ct    elementor-column elementor-col-16 elementor-top-column elementor-element elementor-element-3fff5bb elementor-hidden-phone\" data-id=\"3fff5bb\" data-element_type=\"column\">\n\t\t\t<div class=\"elementor-widget-wrap\">\n\t\t\t\t\t\t\t\t\t<\/div>\n\t\t<\/div>\n\t\t\t\t<div class=\"penci-ercol-16 penci-ercol-order-2 penci-sticky-ct    elementor-column elementor-col-16 elementor-top-column elementor-element elementor-element-a7b2c44 elementor-hidden-phone\" data-id=\"a7b2c44\" data-element_type=\"column\">\n\t\t\t<div class=\"elementor-widget-wrap\">\n\t\t\t\t\t\t\t\t\t<\/div>\n\t\t<\/div>\n\t\t\t\t<div class=\"penci-ercol-16 penci-ercol-order-3 penci-sticky-ct    elementor-column elementor-col-16 elementor-top-column elementor-element elementor-element-4540d93 elementor-hidden-phone\" data-id=\"4540d93\" data-element_type=\"column\">\n\t\t\t<div class=\"elementor-widget-wrap\">\n\t\t\t\t\t\t\t\t\t<\/div>\n\t\t<\/div>\n\t\t\t\t<div class=\"penci-ercol-16 penci-ercol-order-4 penci-sticky-ct    elementor-column elementor-col-16 elementor-top-column elementor-element elementor-element-c652b27 elementor-hidden-phone\" data-id=\"c652b27\" data-element_type=\"column\">\n\t\t\t<div class=\"elementor-widget-wrap\">\n\t\t\t\t\t\t\t\t\t<\/div>\n\t\t<\/div>\n\t\t\t\t<div class=\"penci-ercol-16 penci-ercol-order-5 penci-sticky-ct    elementor-column elementor-col-16 elementor-top-column elementor-element elementor-element-1eb10e3 elementor-hidden-phone\" data-id=\"1eb10e3\" data-element_type=\"column\">\n\t\t\t<div class=\"elementor-widget-wrap\">\n\t\t\t\t\t\t\t\t\t<\/div>\n\t\t<\/div>\n\t\t\t\t<div class=\"penci-ercol-16 penci-ercol-order-6 penci-sticky-ct    elementor-column elementor-col-16 elementor-top-column elementor-element elementor-element-e3904b2\" data-id=\"e3904b2\" data-element_type=\"column\">\n\t\t\t<div class=\"elementor-widget-wrap elementor-element-populated\">\n\t\t\t\t\t\t\t\t<div class=\"elementor-element elementor-element-054ad73 elementor-widget elementor-widget-image\" data-id=\"054ad73\" data-element_type=\"widget\" data-widget_type=\"image.default\">\n\t\t\t\t<div class=\"elementor-widget-container\">\n\t\t\t\t\t\t\t\t\t\t\t\t\t\t\t<img decoding=\"async\" src=\"https:\/\/itprzemysl40.com\/edycja-2022\/wp-content\/uploads\/elementor\/thumbs\/logoInes-qj4lxwgv6ti8jk838rn3y1ihlf18uht47y17iscl3k.jpg\" title=\"logoInes\" alt=\"logoInes\" loading=\"lazy\" \/>\t\t\t\t\t\t\t\t\t\t\t\t\t\t\t<\/div>\n\t\t\t\t<\/div>\n\t\t\t\t\t<\/div>\n\t\t<\/div>\n\t\t\t\t\t\t\t<\/div>\n\t\t<\/section>\n\t\t\t\t<section class=\"penci-section penci-dmcheck penci-elbg-activate penci-disSticky penci-structure-20 elementor-section elementor-top-section elementor-element elementor-element-0a973c6 elementor-section-content-middle elementor-section-boxed elementor-section-height-default elementor-section-height-default\" data-id=\"0a973c6\" data-element_type=\"section\" data-settings=\"{&quot;background_background&quot;:&quot;classic&quot;}\">\n\t\t\t\t\t\t<div class=\"elementor-container elementor-column-gap-wider\">\n\t\t\t\t\t<div class=\"penci-ercol-50 penci-ercol-order-1 penci-sticky-ct    elementor-column elementor-col-50 elementor-top-column elementor-element elementor-element-90c2fea\" data-id=\"90c2fea\" data-element_type=\"column\">\n\t\t\t<div class=\"elementor-widget-wrap elementor-element-populated\">\n\t\t\t\t\t\t\t\t<div class=\"elementor-element elementor-element-ef0eb2e elementor-widget elementor-widget-penci-fancy_heading\" data-id=\"ef0eb2e\" data-element_type=\"widget\" data-widget_type=\"penci-fancy_heading.default\">\n\t\t\t\t<div class=\"elementor-widget-container\">\n\t\t\t\t\t<div class=\"penci-fancy-heading penci-heading-text-left\">\r\n\t\t\t<div class=\"penci-fancy-heading-inner\">\r\n\t\t\t\t<h2 class=\"penci-heading-title\"><span class=\"inner-tit\">Innowacyjne rozwi\u0105zania IT \nw Przemy\u015ble 4.0<\/span><\/h2>\t\t\t<\/div>\r\n\t\t<\/div>\r\n\t\t\t\t<\/div>\n\t\t\t\t<\/div>\n\t\t\t\t\t<\/div>\n\t\t<\/div>\n\t\t\t\t<div class=\"penci-ercol-50 penci-ercol-order-2 penci-sticky-ct    elementor-column elementor-col-50 elementor-top-column elementor-element elementor-element-5189ae5\" data-id=\"5189ae5\" data-element_type=\"column\">\n\t\t\t<div class=\"elementor-widget-wrap elementor-element-populated\">\n\t\t\t\t\t\t\t\t<div class=\"elementor-element elementor-element-bdd88d4 elementor-hidden-desktop elementor-hidden-tablet elementor-hidden-mobile elementor-widget elementor-widget-penci-button\" data-id=\"bdd88d4\" data-element_type=\"widget\" data-widget_type=\"penci-button.default\">\n\t\t\t\t<div class=\"elementor-widget-container\">\n\t\t\t\t\t<div class=\"pcbtn-wrapper pcbtn-align-left pcbtn-malign-center\">\r\n\t\t\t<a class=\"pcbtn pcbtn-icon-left\" \r\n\t\t\t\t\t\t\t\t\t\t\t\thref=\"https:\/\/itprzemysl40.com\/edycja-2022\/rejestracja\/\">\r\n\t\t\t\t<span class=\"pcbtn-wrapperin\">\r\n\t\t\t\t\t<span class=\"pcbtn-content\">\r\n\t\t\t\t\t\t\t\t\t\tRejestracja\t\t\t<\/span>\r\n\t\t\t\t\t\t\t\t\t<\/span>\r\n\t\t\t<\/a>\r\n\t\t<\/div>\r\n\t\t\t\t<\/div>\n\t\t\t\t<\/div>\n\t\t\t\t\t<\/div>\n\t\t<\/div>\n\t\t\t\t\t\t\t<\/div>\n\t\t<\/section>\n\t\t\t\t<section class=\"penci-section penci-dmcheck penci-elbg-activate penci-disSticky penci-structure-20 elementor-section elementor-top-section elementor-element elementor-element-ef31b4b elementor-section-content-middle elementor-section-boxed elementor-section-height-default elementor-section-height-default\" data-id=\"ef31b4b\" data-element_type=\"section\" data-settings=\"{&quot;background_background&quot;:&quot;classic&quot;}\">\n\t\t\t\t\t\t<div class=\"elementor-container elementor-column-gap-wider\">\n\t\t\t\t\t<div class=\"penci-ercol-50 penci-ercol-order-1 penci-sticky-ct    elementor-column elementor-col-50 elementor-top-column elementor-element elementor-element-50b634b\" data-id=\"50b634b\" data-element_type=\"column\">\n\t\t\t<div class=\"elementor-widget-wrap elementor-element-populated\">\n\t\t\t\t\t\t\t\t<div class=\"elementor-element elementor-element-7694299 elementor-widget elementor-widget-image\" data-id=\"7694299\" data-element_type=\"widget\" data-widget_type=\"image.default\">\n\t\t\t\t<div class=\"elementor-widget-container\">\n\t\t\t\t\t\t\t\t\t\t\t\t\t\t\t<img fetchpriority=\"high\" decoding=\"async\" width=\"1024\" height=\"682\" src=\"https:\/\/itprzemysl40.com\/edycja-2022\/wp-content\/uploads\/2022\/03\/digitization-4705450_1280-1024x682.jpg\" class=\"attachment-large size-large wp-image-1495\" alt=\"\" srcset=\"https:\/\/itprzemysl40.com\/edycja-2022\/wp-content\/uploads\/2022\/03\/digitization-4705450_1280-1024x682.jpg 1024w, https:\/\/itprzemysl40.com\/edycja-2022\/wp-content\/uploads\/2022\/03\/digitization-4705450_1280-300x200.jpg 300w, https:\/\/itprzemysl40.com\/edycja-2022\/wp-content\/uploads\/2022\/03\/digitization-4705450_1280-768x512.jpg 768w, https:\/\/itprzemysl40.com\/edycja-2022\/wp-content\/uploads\/2022\/03\/digitization-4705450_1280-1170x780.jpg 1170w, https:\/\/itprzemysl40.com\/edycja-2022\/wp-content\/uploads\/2022\/03\/digitization-4705450_1280-585x390.jpg 585w, https:\/\/itprzemysl40.com\/edycja-2022\/wp-content\/uploads\/2022\/03\/digitization-4705450_1280-263x175.jpg 263w, https:\/\/itprzemysl40.com\/edycja-2022\/wp-content\/uploads\/2022\/03\/digitization-4705450_1280.jpg 1280w\" sizes=\"(max-width: 1024px) 100vw, 1024px\" \/>\t\t\t\t\t\t\t\t\t\t\t\t\t\t\t<\/div>\n\t\t\t\t<\/div>\n\t\t\t\t\t<\/div>\n\t\t<\/div>\n\t\t\t\t<div class=\"penci-ercol-50 penci-ercol-order-2 penci-sticky-ct    elementor-column elementor-col-50 elementor-top-column elementor-element elementor-element-33655c2\" data-id=\"33655c2\" data-element_type=\"column\">\n\t\t\t<div class=\"elementor-widget-wrap elementor-element-populated\">\n\t\t\t\t\t\t\t\t<div class=\"elementor-element elementor-element-9db90bb elementor-widget elementor-widget-penci-fancy_heading\" data-id=\"9db90bb\" data-element_type=\"widget\" data-widget_type=\"penci-fancy_heading.default\">\n\t\t\t\t<div class=\"elementor-widget-container\">\n\t\t\t\t\t<div class=\"penci-fancy-heading penci-heading-text-left\">\r\n\t\t\t<div class=\"penci-fancy-heading-inner\">\r\n\t\t\t\t<h2 class=\"penci-heading-title\"><span class=\"inner-tit\">O konferencji<\/span><\/h2><h3 class=\"penci-heading-subtitle\">LINK DO UCZESTNICTWA W FORMIE ZDALNEJ:<\/br><a href=\"https:\/\/teams.microsoft.com\/dl\/launcher\/launcher.html?url=%2F_%23%2Fl%2Fmeetup-join%2F19%3Ameeting_OGQxNjJkZDgtNGU2MS00YzIyLTkyM2EtYmFiNzBjY2NmYjQ0%40thread.v2%2F0%3Fcontext%3D%257b%2522Tid%2522%253a%25223e05b101-c6fe-47e5-82e1-c6a410bb95c0%2522%252c%2522Oid%2522%253a%25227d6a1ba7-6fe3-4ae8-9c49-3bfac5b3b33b%2522%257d%26anon%3Dtrue&type=meetup-join&deeplinkId=e8f3f714-f3df-41f5-af38-6875e75cb2cd&directDl=true&msLaunch=true&enableMobilePage=true&suppressPrompt=true\" target=\"_blank\" rel=\"noopener noreferrer\"><span style=\"text-transform: capitalize\">Do\u0142\u0105cz <span style=\"text-transform: lowercase\">do konwersacji (microsoft.com)<\/span><\/a>\n<\/h3><div class=\"penci-heading-content entry-content\"><p>Innowacyjne rozwi\u0105zania IT w przemy\u015ble 4.0 jest konferencj\u0105 dotycz\u0105c\u0105 z\u0142o\u017conego procesu transformacji technologicznej i organizacyjnej przedsi\u0119biorstw, kt\u00f3ry obejmuje integracj\u0119 \u0142a\u0144cucha warto\u015bci,<br \/>\nwprowadzanie nowych modeli biznesowych oraz cyfryzacj\u0119 produkt\u00f3w<br \/>\ni us\u0142ug.<\/p>\n<p>Konferencja jest finansowana ze \u015brodk\u00f3w Ministerstwa Edukacji<br \/>\ni Nauki.<\/p>\n<\/div>\t\t\t<\/div>\r\n\t\t<\/div>\r\n\t\t\t\t<\/div>\n\t\t\t\t<\/div>\n\t\t\t\t\t<\/div>\n\t\t<\/div>\n\t\t\t\t\t\t\t<\/div>\n\t\t<\/section>\n\t\t\t\t<section class=\"penci-section penci-disSticky penci-structure-30 elementor-section elementor-top-section elementor-element elementor-element-01e1ffe elementor-section-content-middle elementor-section-boxed elementor-section-height-default elementor-section-height-default\" data-id=\"01e1ffe\" data-element_type=\"section\">\n\t\t\t\t\t\t<div class=\"elementor-container elementor-column-gap-no\">\n\t\t\t\t\t<div class=\"penci-ercol-33 penci-ercol-order-1 penci-sticky-sb penci-sidebarSC penci-dmcheck penci-elbg-activate  elementor-column elementor-col-33 elementor-top-column elementor-element elementor-element-d872cb6\" data-id=\"d872cb6\" data-element_type=\"column\" data-settings=\"{&quot;background_background&quot;:&quot;classic&quot;}\">\n\t\t\t<div class=\"elementor-widget-wrap elementor-element-populated\">\n\t\t\t\t\t\t\t\t<div class=\"elementor-element elementor-element-a3f092f elementor-widget elementor-widget-penci-fancy_heading\" data-id=\"a3f092f\" data-element_type=\"widget\" data-widget_type=\"penci-fancy_heading.default\">\n\t\t\t\t<div class=\"elementor-widget-container\">\n\t\t\t\t\t<div class=\"penci-fancy-heading penci-heading-text-left\">\r\n\t\t\t<div class=\"penci-fancy-heading-inner\">\r\n\t\t\t\t<h2 class=\"penci-heading-title\"><span class=\"inner-tit\">Organizator<\/span><\/h2><div class=\"penci-heading-content entry-content\"><p>Organizowana jest przez Fundacj\u0119 Instytut Nauk Ekonomicznych i Spo\u0142ecznych<br \/>\nwe wsp\u00f3\u0142pracy z Sie\u0107 Badawcza \u0141ukasiewicz \u2013 Instytut Technik Innowacyjnych EMAG<\/p>\n<\/div>\t\t\t<\/div>\r\n\t\t<\/div>\r\n\t\t\t\t<\/div>\n\t\t\t\t<\/div>\n\t\t\t\t\t<\/div>\n\t\t<\/div>\n\t\t\t\t<div class=\"penci-ercol-33 penci-ercol-order-2 penci-sticky-sb penci-sidebarSC   elementor-column elementor-col-33 elementor-top-column elementor-element elementor-element-0bbb9d7\" data-id=\"0bbb9d7\" data-element_type=\"column\">\n\t\t\t<div class=\"elementor-widget-wrap elementor-element-populated\">\n\t\t\t\t\t\t\t\t<div class=\"elementor-element elementor-element-f2a357d elementor-widget elementor-widget-image\" data-id=\"f2a357d\" data-element_type=\"widget\" data-widget_type=\"image.default\">\n\t\t\t\t<div class=\"elementor-widget-container\">\n\t\t\t\t\t\t\t\t\t\t\t\t\t\t\t<img decoding=\"async\" width=\"681\" height=\"1024\" src=\"https:\/\/itprzemysl40.com\/edycja-2022\/wp-content\/uploads\/2022\/03\/page-5073826_1920-681x1024.jpg\" class=\"attachment-large size-large wp-image-1513\" alt=\"\" srcset=\"https:\/\/itprzemysl40.com\/edycja-2022\/wp-content\/uploads\/2022\/03\/page-5073826_1920-681x1024.jpg 681w, https:\/\/itprzemysl40.com\/edycja-2022\/wp-content\/uploads\/2022\/03\/page-5073826_1920-200x300.jpg 200w, https:\/\/itprzemysl40.com\/edycja-2022\/wp-content\/uploads\/2022\/03\/page-5073826_1920-768x1155.jpg 768w, https:\/\/itprzemysl40.com\/edycja-2022\/wp-content\/uploads\/2022\/03\/page-5073826_1920-1022x1536.jpg 1022w, https:\/\/itprzemysl40.com\/edycja-2022\/wp-content\/uploads\/2022\/03\/page-5073826_1920-1170x1759.jpg 1170w, https:\/\/itprzemysl40.com\/edycja-2022\/wp-content\/uploads\/2022\/03\/page-5073826_1920-585x880.jpg 585w, https:\/\/itprzemysl40.com\/edycja-2022\/wp-content\/uploads\/2022\/03\/page-5073826_1920.jpg 1277w\" sizes=\"(max-width: 681px) 100vw, 681px\" \/>\t\t\t\t\t\t\t\t\t\t\t\t\t\t\t<\/div>\n\t\t\t\t<\/div>\n\t\t\t\t\t<\/div>\n\t\t<\/div>\n\t\t\t\t<div class=\"penci-ercol-33 penci-ercol-order-3 penci-sticky-sb penci-sidebarSC penci-dmcheck penci-elbg-activate  elementor-column elementor-col-33 elementor-top-column elementor-element elementor-element-4055c97\" data-id=\"4055c97\" data-element_type=\"column\" data-settings=\"{&quot;background_background&quot;:&quot;classic&quot;}\">\n\t\t\t<div class=\"elementor-widget-wrap elementor-element-populated\">\n\t\t\t\t\t\t\t\t<div class=\"elementor-element elementor-element-7a16f2b elementor-widget elementor-widget-penci-fancy_heading\" data-id=\"7a16f2b\" data-element_type=\"widget\" data-widget_type=\"penci-fancy_heading.default\">\n\t\t\t\t<div class=\"elementor-widget-container\">\n\t\t\t\t\t<div class=\"penci-fancy-heading penci-heading-text-left\">\r\n\t\t\t<div class=\"penci-fancy-heading-inner\">\r\n\t\t\t\t<h2 class=\"penci-heading-title\"><span class=\"inner-tit\">Kiedy?<\/span><\/h2><div class=\"penci-heading-content entry-content\"><p>Konferencja odb\u0119dzie si\u0119 w dniach 26-27 maja 2022 roku w auli Sie\u0107 Badawcza \u0141ukasiewicz - Instytutu Technik Innowacyjnych EMAG<br \/>\nw Katowicach.<\/p>\n<\/div>\t\t\t<\/div>\r\n\t\t<\/div>\r\n\t\t\t\t<\/div>\n\t\t\t\t<\/div>\n\t\t\t\t\t<\/div>\n\t\t<\/div>\n\t\t\t\t\t\t\t<\/div>\n\t\t<\/section>\n\t\t\t\t<section class=\"penci-section penci-dmcheck penci-elbg-activate penci-disSticky penci-structure-20 elementor-section elementor-top-section elementor-element elementor-element-3a88226 elementor-section-content-middle elementor-section-boxed elementor-section-height-default elementor-section-height-default\" data-id=\"3a88226\" data-element_type=\"section\" data-settings=\"{&quot;background_background&quot;:&quot;classic&quot;}\">\n\t\t\t\t\t\t<div class=\"elementor-container elementor-column-gap-wider\">\n\t\t\t\t\t<div class=\"penci-ercol-50 penci-ercol-order-1 penci-sticky-ct    elementor-column elementor-col-50 elementor-top-column elementor-element elementor-element-5f8bfab\" data-id=\"5f8bfab\" data-element_type=\"column\">\n\t\t\t<div class=\"elementor-widget-wrap elementor-element-populated\">\n\t\t\t\t\t\t\t\t<div class=\"elementor-element elementor-element-e5d9290 elementor-widget elementor-widget-image\" data-id=\"e5d9290\" data-element_type=\"widget\" data-widget_type=\"image.default\">\n\t\t\t\t<div class=\"elementor-widget-container\">\n\t\t\t\t\t\t\t\t\t\t\t\t\t\t\t<img decoding=\"async\" width=\"1024\" height=\"547\" src=\"https:\/\/itprzemysl40.com\/edycja-2022\/wp-content\/uploads\/2022\/03\/workers-5246640_1280-1024x547.jpg\" class=\"attachment-large size-large wp-image-1496\" alt=\"\" srcset=\"https:\/\/itprzemysl40.com\/edycja-2022\/wp-content\/uploads\/2022\/03\/workers-5246640_1280-1024x547.jpg 1024w, https:\/\/itprzemysl40.com\/edycja-2022\/wp-content\/uploads\/2022\/03\/workers-5246640_1280-300x160.jpg 300w, https:\/\/itprzemysl40.com\/edycja-2022\/wp-content\/uploads\/2022\/03\/workers-5246640_1280-768x410.jpg 768w, https:\/\/itprzemysl40.com\/edycja-2022\/wp-content\/uploads\/2022\/03\/workers-5246640_1280-1170x625.jpg 1170w, https:\/\/itprzemysl40.com\/edycja-2022\/wp-content\/uploads\/2022\/03\/workers-5246640_1280-585x313.jpg 585w, https:\/\/itprzemysl40.com\/edycja-2022\/wp-content\/uploads\/2022\/03\/workers-5246640_1280.jpg 1280w\" sizes=\"(max-width: 1024px) 100vw, 1024px\" \/>\t\t\t\t\t\t\t\t\t\t\t\t\t\t\t<\/div>\n\t\t\t\t<\/div>\n\t\t\t\t\t<\/div>\n\t\t<\/div>\n\t\t\t\t<div class=\"penci-ercol-50 penci-ercol-order-2 penci-sticky-ct    elementor-column elementor-col-50 elementor-top-column elementor-element elementor-element-7d865b8\" data-id=\"7d865b8\" data-element_type=\"column\">\n\t\t\t<div class=\"elementor-widget-wrap elementor-element-populated\">\n\t\t\t\t\t\t\t\t<div class=\"elementor-element elementor-element-934a8c1 elementor-widget elementor-widget-penci-fancy_heading\" data-id=\"934a8c1\" data-element_type=\"widget\" data-widget_type=\"penci-fancy_heading.default\">\n\t\t\t\t<div class=\"elementor-widget-container\">\n\t\t\t\t\t<div class=\"penci-fancy-heading penci-heading-text-left\">\r\n\t\t\t<div class=\"penci-fancy-heading-inner\">\r\n\t\t\t\t<div class=\"penci-heading-content entry-content\"><p>Konferencja, maj\u0105ca wymiar mi\u0119dzynarodowy jest miejscem spotka\u0144 nauki<br \/>\ni biznesu oraz wymiany pogl\u0105d\u00f3w dotycz\u0105cych innowacji i rozwoju w bran\u017cy IT<br \/>\ni IOT z obszaru Przemys\u0142u 4.0.<\/p>\n<p>Czynnikiem nap\u0119dzaj\u0105cym transformacj\u0119 w kierunku przemys\u0142u 4.0 s\u0105 coraz bardziej zindywidualizowane potrzeby klient\u00f3w i narastaj\u0105cy trend personalizacji produkt\u00f3w i us\u0142ug.<\/p>\n<p>Ka\u017cda bran\u017ca produkcyjna w Polsce i w Europie przechodzi transformacj\u0119,<br \/>\nco dodatkowo podkre\u015bla istotno\u015b\u0107 tematyki konferencji i znaczenie dla rozwoju spo\u0142ecznego i gospodarczego kraju. <\/p>\n<p>Rozs\u0105dnie wdro\u017cona automatyzacja IT w przemy\u015ble powoduje usprawnienia, wzrost konkurencyjno\u015bci, miejsca pracy dla os\u00f3b niepe\u0142nosprawnych.<\/p>\n<\/div>\t\t\t<\/div>\r\n\t\t<\/div>\r\n\t\t\t\t<\/div>\n\t\t\t\t<\/div>\n\t\t\t\t\t<\/div>\n\t\t<\/div>\n\t\t\t\t\t\t\t<\/div>\n\t\t<\/section>\n\t\t\t\t<section class=\"penci-section penci-disSticky penci-structure-10 elementor-section elementor-top-section elementor-element elementor-element-5dc7827 elementor-hidden-phone elementor-section-boxed elementor-section-height-default elementor-section-height-default\" data-id=\"5dc7827\" data-element_type=\"section\">\n\t\t\t\t\t\t<div class=\"elementor-container elementor-column-gap-default\">\n\t\t\t\t\t<div class=\"penci-ercol-100 penci-ercol-order-1 penci-sticky-ct    elementor-column elementor-col-100 elementor-top-column elementor-element elementor-element-99b5dfb\" data-id=\"99b5dfb\" data-element_type=\"column\">\n\t\t\t<div class=\"elementor-widget-wrap elementor-element-populated\">\n\t\t\t\t\t\t\t\t<div class=\"elementor-element elementor-element-4e75851 elementor-absolute elementor-widget elementor-widget-wp-widget-text\" data-id=\"4e75851\" data-element_type=\"widget\" data-settings=\"{&quot;_position&quot;:&quot;absolute&quot;}\" data-widget_type=\"wp-widget-text.default\">\n\t\t\t\t<div class=\"elementor-widget-container\">\n\t\t\t\t\t\t<div class=\"textwidget\"><p><em><strong>KONFERENCJA FINANSOWANA ZE \u015aRODK\u00d3W MINISTERSTWA EDUKACJI I NAUKI<\/strong><\/em><\/p>\n<p>&nbsp;<\/p>\n<\/div>\n\t\t\t\t<\/div>\n\t\t\t\t<\/div>\n\t\t\t\t\t<\/div>\n\t\t<\/div>\n\t\t\t\t\t\t\t<\/div>\n\t\t<\/section>\n\t\t\t\t<section class=\"penci-section penci-disSticky penci-structure-10 elementor-section elementor-top-section elementor-element elementor-element-186278f elementor-hidden-desktop elementor-hidden-tablet elementor-section-boxed elementor-section-height-default elementor-section-height-default\" data-id=\"186278f\" data-element_type=\"section\">\n\t\t\t\t\t\t<div class=\"elementor-container elementor-column-gap-default\">\n\t\t\t\t\t<div class=\"penci-ercol-100 penci-ercol-order-1 penci-sticky-ct    elementor-column elementor-col-100 elementor-top-column elementor-element elementor-element-2feea69\" data-id=\"2feea69\" data-element_type=\"column\">\n\t\t\t<div class=\"elementor-widget-wrap elementor-element-populated\">\n\t\t\t\t\t\t\t\t<div class=\"elementor-element elementor-element-a2b96b2 elementor-widget elementor-widget-heading\" data-id=\"a2b96b2\" data-element_type=\"widget\" data-widget_type=\"heading.default\">\n\t\t\t\t<div class=\"elementor-widget-container\">\n\t\t\t<h2 class=\"elementor-heading-title elementor-size-default\">KONFERENCJA FINANSOWANA ZE \u015aRODK\u00d3W MINISTERSTWA EDUKACJI I NAUKI<\/h2>\t\t<\/div>\n\t\t\t\t<\/div>\n\t\t\t\t\t<\/div>\n\t\t<\/div>\n\t\t\t\t\t\t\t<\/div>\n\t\t<\/section>\n\t\t\t\t\t\t\t<\/div>\n\t\t","protected":false},"excerpt":{"rendered":"<p>Innowacyjne rozwi\u0105zania IT w Przemy\u015ble 4.0 Rejestracja O konferencji LINK DO UCZESTNICTWA W FORMIE ZDALNEJ:Do\u0142\u0105cz do konwersacji (microsoft.com) Innowacyjne rozwi\u0105zania IT w przemy\u015ble 4.0 jest konferencj\u0105 dotycz\u0105c\u0105 z\u0142o\u017conego procesu transformacji&hellip;<\/p>\n","protected":false},"author":1,"featured_media":0,"parent":0,"menu_order":0,"comment_status":"closed","ping_status":"closed","template":"page-fullwidth.php","meta":{"footnotes":""},"_links":{"self":[{"href":"https:\/\/itprzemysl40.com\/edycja-2022\/wp-json\/wp\/v2\/pages\/7"}],"collection":[{"href":"https:\/\/itprzemysl40.com\/edycja-2022\/wp-json\/wp\/v2\/pages"}],"about":[{"href":"https:\/\/itprzemysl40.com\/edycja-2022\/wp-json\/wp\/v2\/types\/page"}],"author":[{"embeddable":true,"href":"https:\/\/itprzemysl40.com\/edycja-2022\/wp-json\/wp\/v2\/users\/1"}],"replies":[{"embeddable":true,"href":"https:\/\/itprzemysl40.com\/edycja-2022\/wp-json\/wp\/v2\/comments?post=7"}],"version-history":[{"count":163,"href":"https:\/\/itprzemysl40.com\/edycja-2022\/wp-json\/wp\/v2\/pages\/7\/revisions"}],"predecessor-version":[{"id":2267,"href":"https:\/\/itprzemysl40.com\/edycja-2022\/wp-json\/wp\/v2\/pages\/7\/revisions\/2267"}],"wp:attachment":[{"href":"https:\/\/itprzemysl40.com\/edycja-2022\/wp-json\/wp\/v2\/media?parent=7"}],"curies":[{"name":"wp","href":"https:\/\/api.w.org\/{rel}","templated":true}]}}