{"id":1560,"date":"2022-03-17T22:10:58","date_gmt":"2022-03-17T21:10:58","guid":{"rendered":"https:\/\/itprzemysl40.com\/edycja-2022\/?page_id=1560"},"modified":"2022-04-03T23:57:36","modified_gmt":"2022-04-03T21:57:36","slug":"patronage","status":"publish","type":"page","link":"https:\/\/itprzemysl40.com\/edycja-2022\/en\/patronage\/","title":{"rendered":"Patronage"},"content":{"rendered":"\t\t<div data-elementor-type=\"wp-page\" data-elementor-id=\"1560\" class=\"elementor elementor-1560\" data-elementor-post-type=\"page\">\n\t\t\t\t\t\t\t\t\t<section class=\"penci-section penci-dmcheck penci-elbg-activate penci-disSticky penci-structure-20 elementor-section elementor-top-section elementor-element elementor-element-0a973c6 elementor-section-content-middle elementor-section-boxed elementor-section-height-default elementor-section-height-default\" data-id=\"0a973c6\" data-element_type=\"section\" data-settings=\"{&quot;background_background&quot;:&quot;classic&quot;}\">\n\t\t\t\t\t\t<div class=\"elementor-container elementor-column-gap-wider\">\n\t\t\t\t\t<div class=\"penci-ercol-50 penci-ercol-order-1 penci-sticky-ct    elementor-column elementor-col-50 elementor-top-column elementor-element elementor-element-90c2fea\" data-id=\"90c2fea\" data-element_type=\"column\">\n\t\t\t<div class=\"elementor-widget-wrap elementor-element-populated\">\n\t\t\t\t\t\t\t\t<div class=\"elementor-element elementor-element-ef0eb2e elementor-widget elementor-widget-penci-fancy_heading\" data-id=\"ef0eb2e\" data-element_type=\"widget\" data-widget_type=\"penci-fancy_heading.default\">\n\t\t\t\t<div class=\"elementor-widget-container\">\n\t\t\t\t\t<div class=\"penci-fancy-heading penci-heading-text-left\">\r\n\t\t\t<div class=\"penci-fancy-heading-inner\">\r\n\t\t\t\t<h2 class=\"penci-heading-title\"><span class=\"inner-tit\">Patronage<\/span><\/h2>\t\t\t<\/div>\r\n\t\t<\/div>\r\n\t\t\t\t<\/div>\n\t\t\t\t<\/div>\n\t\t\t\t\t<\/div>\n\t\t<\/div>\n\t\t\t\t<div class=\"penci-ercol-50 penci-ercol-order-2 penci-sticky-ct    elementor-column elementor-col-50 elementor-top-column elementor-element elementor-element-5189ae5\" data-id=\"5189ae5\" data-element_type=\"column\">\n\t\t\t<div class=\"elementor-widget-wrap\">\n\t\t\t\t\t\t\t\t\t<\/div>\n\t\t<\/div>\n\t\t\t\t\t\t\t<\/div>\n\t\t<\/section>\n\t\t\t\t<section class=\"penci-section penci-disSticky penci-structure-10 elementor-section elementor-top-section elementor-element elementor-element-61801fc elementor-section-full_width elementor-section-height-min-height elementor-section-content-middle elementor-section-height-default elementor-section-items-middle\" data-id=\"61801fc\" data-element_type=\"section\">\n\t\t\t\t\t\t<div class=\"elementor-container elementor-column-gap-no\">\n\t\t\t\t\t<div class=\"penci-ercol-100 penci-ercol-order-1 penci-sticky-ct    elementor-column elementor-col-100 elementor-top-column elementor-element elementor-element-3adf2e9\" data-id=\"3adf2e9\" data-element_type=\"column\">\n\t\t\t<div class=\"elementor-widget-wrap elementor-element-populated\">\n\t\t\t\t\t\t\t\t<div class=\"elementor-element elementor-element-399f64c elementor-arrows-position-outside elementor-pagination-position-outside elementor-widget elementor-widget-image-carousel\" data-id=\"399f64c\" data-element_type=\"widget\" data-settings=\"{&quot;pause_on_hover&quot;:&quot;no&quot;,&quot;pause_on_interaction&quot;:&quot;no&quot;,&quot;autoplay_speed&quot;:1,&quot;speed&quot;:4000,&quot;image_spacing_custom&quot;:{&quot;unit&quot;:&quot;px&quot;,&quot;size&quot;:50,&quot;sizes&quot;:[]},&quot;slides_to_show&quot;:&quot;3&quot;,&quot;navigation&quot;:&quot;both&quot;,&quot;autoplay&quot;:&quot;yes&quot;,&quot;infinite&quot;:&quot;yes&quot;,&quot;image_spacing_custom_tablet&quot;:{&quot;unit&quot;:&quot;px&quot;,&quot;size&quot;:&quot;&quot;,&quot;sizes&quot;:[]},&quot;image_spacing_custom_mobile&quot;:{&quot;unit&quot;:&quot;px&quot;,&quot;size&quot;:&quot;&quot;,&quot;sizes&quot;:[]}}\" data-widget_type=\"image-carousel.default\">\n\t\t\t\t<div class=\"elementor-widget-container\">\n\t\t\t\t\t<div class=\"elementor-image-carousel-wrapper swiper-container\" dir=\"ltr\">\n\t\t\t<div class=\"elementor-image-carousel swiper-wrapper\" aria-live=\"off\">\n\t\t\t\t\t\t\t\t<div class=\"swiper-slide\" role=\"group\" aria-roledescription=\"slide\" aria-label=\"1 of 17\"><figure class=\"swiper-slide-inner\"><img decoding=\"async\" class=\"swiper-slide-image\" src=\"https:\/\/itprzemysl40.com\/edycja-2022\/wp-content\/uploads\/2022\/03\/Wyzsza-Szkola-Techniczna-w-Katowicach-logo.png\" alt=\"Wy\u017csza Szko\u0142a Techniczna w Katowicach logo\" \/><\/figure><\/div><div class=\"swiper-slide\" role=\"group\" aria-roledescription=\"slide\" aria-label=\"2 of 17\"><figure class=\"swiper-slide-inner\"><img decoding=\"async\" class=\"swiper-slide-image\" src=\"https:\/\/itprzemysl40.com\/edycja-2022\/wp-content\/uploads\/2022\/03\/MRiT.png\" alt=\"MRiT\" \/><\/figure><\/div><div class=\"swiper-slide\" role=\"group\" aria-roledescription=\"slide\" aria-label=\"3 of 17\"><figure class=\"swiper-slide-inner\"><img decoding=\"async\" class=\"swiper-slide-image\" src=\"https:\/\/itprzemysl40.com\/edycja-2022\/wp-content\/uploads\/2022\/03\/Magazyn-Przemyslowy-1024x148.jpg\" alt=\"Magazyn Przemys\u0142owy\" \/><\/figure><\/div><div class=\"swiper-slide\" role=\"group\" aria-roledescription=\"slide\" aria-label=\"4 of 17\"><figure class=\"swiper-slide-inner\"><img decoding=\"async\" class=\"swiper-slide-image\" src=\"https:\/\/itprzemysl40.com\/edycja-2022\/wp-content\/uploads\/2022\/03\/technoparkgliwice.png\" alt=\"technoparkgliwice\" \/><\/figure><\/div><div class=\"swiper-slide\" role=\"group\" aria-roledescription=\"slide\" aria-label=\"5 of 17\"><figure class=\"swiper-slide-inner\"><img decoding=\"async\" class=\"swiper-slide-image\" src=\"https:\/\/itprzemysl40.com\/edycja-2022\/wp-content\/uploads\/2022\/03\/1zFSSX7uieAlbq0m7rSoVweIzzFqS5rsafn5kdSv1.png\" alt=\"1zFSSX7uieAlbq0m7rSoVweIzzFqS5rsafn5kdSv1\" \/><\/figure><\/div><div class=\"swiper-slide\" role=\"group\" aria-roledescription=\"slide\" aria-label=\"6 of 17\"><figure class=\"swiper-slide-inner\"><img decoding=\"async\" class=\"swiper-slide-image\" src=\"https:\/\/itprzemysl40.com\/edycja-2022\/wp-content\/uploads\/2022\/03\/1Ywv3E3nDj57MLPKS6DKYUGptcaMzdG9R1SliVfUC.png\" alt=\"1Ywv3E3nDj57MLPKS6DKYUGptcaMzdG9R1SliVfUC\" \/><\/figure><\/div><div class=\"swiper-slide\" role=\"group\" aria-roledescription=\"slide\" aria-label=\"7 of 17\"><figure class=\"swiper-slide-inner\"><img decoding=\"async\" class=\"swiper-slide-image\" src=\"https:\/\/itprzemysl40.com\/edycja-2022\/wp-content\/uploads\/2022\/03\/1yWUVTdzKpme3wN6EwvMT3o0Gwo6HCEhVMTio0dr_.png\" alt=\"1yWUVTdzKpme3wN6EwvMT3o0Gwo6HCEhVMTio0dr_\" \/><\/figure><\/div><div class=\"swiper-slide\" role=\"group\" aria-roledescription=\"slide\" aria-label=\"8 of 17\"><figure class=\"swiper-slide-inner\"><img decoding=\"async\" class=\"swiper-slide-image\" src=\"https:\/\/itprzemysl40.com\/edycja-2022\/wp-content\/uploads\/2022\/03\/1RXVrILrzl49jgaqZPC_IvwakcQu8TQf-TOvlpSJx.png\" alt=\"1RXVrILrzl49jgaqZPC_IvwakcQu8TQf-TOvlpSJx\" \/><\/figure><\/div><div class=\"swiper-slide\" role=\"group\" aria-roledescription=\"slide\" aria-label=\"9 of 17\"><figure class=\"swiper-slide-inner\"><img decoding=\"async\" class=\"swiper-slide-image\" src=\"https:\/\/itprzemysl40.com\/edycja-2022\/wp-content\/uploads\/2022\/03\/1JeaG12qgsMkgyck071gv2A_wS0IBIAeOQfQtGP2N.png\" alt=\"1JeaG12qgsMkgyck071gv2A_wS0IBIAeOQfQtGP2N\" \/><\/figure><\/div><div class=\"swiper-slide\" role=\"group\" aria-roledescription=\"slide\" aria-label=\"10 of 17\"><figure class=\"swiper-slide-inner\"><img decoding=\"async\" class=\"swiper-slide-image\" src=\"https:\/\/itprzemysl40.com\/edycja-2022\/wp-content\/uploads\/2022\/03\/1o-D63tSLgT1TJa4LYn8FzwwT7IHZmO6mAeTOB2hY.png\" alt=\"1o-D63tSLgT1TJa4LYn8FzwwT7IHZmO6mAeTOB2hY\" \/><\/figure><\/div><div class=\"swiper-slide\" role=\"group\" aria-roledescription=\"slide\" aria-label=\"11 of 17\"><figure class=\"swiper-slide-inner\"><img decoding=\"async\" class=\"swiper-slide-image\" src=\"https:\/\/itprzemysl40.com\/edycja-2022\/wp-content\/uploads\/2022\/03\/19KZVeIi9GQlihLz7nZ7ehNiEPHyhyOYniWS3_i_m.png\" alt=\"19KZVeIi9GQlihLz7nZ7ehNiEPHyhyOYniWS3_i_m\" \/><\/figure><\/div><div class=\"swiper-slide\" role=\"group\" aria-roledescription=\"slide\" aria-label=\"12 of 17\"><figure class=\"swiper-slide-inner\"><img decoding=\"async\" class=\"swiper-slide-image\" src=\"https:\/\/itprzemysl40.com\/edycja-2022\/wp-content\/uploads\/2022\/03\/1928LjSSL09u3ghJAIuXl_KkY0jXUZD14BK2FuCfK.png\" alt=\"1928LjSSL09u3ghJAIuXl_KkY0jXUZD14BK2FuCfK\" \/><\/figure><\/div><div class=\"swiper-slide\" role=\"group\" aria-roledescription=\"slide\" aria-label=\"13 of 17\"><figure class=\"swiper-slide-inner\"><img decoding=\"async\" class=\"swiper-slide-image\" src=\"https:\/\/itprzemysl40.com\/edycja-2022\/wp-content\/uploads\/2022\/03\/2022-03-22_12h27_06-1-e1647950837196.png\" alt=\"2022-03-22_12h27_06\" \/><\/figure><\/div><div class=\"swiper-slide\" role=\"group\" aria-roledescription=\"slide\" aria-label=\"14 of 17\"><figure class=\"swiper-slide-inner\"><img decoding=\"async\" class=\"swiper-slide-image\" src=\"https:\/\/itprzemysl40.com\/edycja-2022\/wp-content\/uploads\/2022\/03\/2022-03-24_08h57_35.png\" alt=\"2022-03-24_08h57_35\" \/><\/figure><\/div><div class=\"swiper-slide\" role=\"group\" aria-roledescription=\"slide\" aria-label=\"15 of 17\"><figure class=\"swiper-slide-inner\"><img decoding=\"async\" class=\"swiper-slide-image\" src=\"https:\/\/itprzemysl40.com\/edycja-2022\/wp-content\/uploads\/2022\/03\/2022-03-24_08h57_49.png\" alt=\"2022-03-24_08h57_49\" \/><\/figure><\/div><div class=\"swiper-slide\" role=\"group\" aria-roledescription=\"slide\" aria-label=\"16 of 17\"><figure class=\"swiper-slide-inner\"><img decoding=\"async\" class=\"swiper-slide-image\" src=\"https:\/\/itprzemysl40.com\/edycja-2022\/wp-content\/uploads\/2022\/03\/2022-03-28_10h00_26.png\" alt=\"2022-03-28_10h00_26\" \/><\/figure><\/div><div class=\"swiper-slide\" role=\"group\" aria-roledescription=\"slide\" aria-label=\"17 of 17\"><figure class=\"swiper-slide-inner\"><img decoding=\"async\" class=\"swiper-slide-image\" src=\"https:\/\/itprzemysl40.com\/edycja-2022\/wp-content\/uploads\/2022\/03\/2022-03-29_13h51_24.png\" alt=\"2022-03-29_13h51_24\" \/><\/figure><\/div>\t\t\t<\/div>\n\t\t\t\t\t\t\t\t\t\t\t\t<div class=\"elementor-swiper-button elementor-swiper-button-prev\" role=\"button\" tabindex=\"0\">\n\t\t\t\t\t\t<i aria-hidden=\"true\" class=\"eicon-chevron-left\"><\/i>\t\t\t\t\t<\/div>\n\t\t\t\t\t<div class=\"elementor-swiper-button elementor-swiper-button-next\" role=\"button\" tabindex=\"0\">\n\t\t\t\t\t\t<i aria-hidden=\"true\" class=\"eicon-chevron-right\"><\/i>\t\t\t\t\t<\/div>\n\t\t\t\t\n\t\t\t\t\t\t\t\t\t<div class=\"swiper-pagination\"><\/div>\n\t\t\t\t\t\t\t\t\t<\/div>\n\t\t\t\t<\/div>\n\t\t\t\t<\/div>\n\t\t\t\t\t<\/div>\n\t\t<\/div>\n\t\t\t\t\t\t\t<\/div>\n\t\t<\/section>\n\t\t\t\t<section class=\"penci-section penci-disSticky penci-structure-10 elementor-section elementor-top-section elementor-element elementor-element-20f66c5 elementor-section-boxed elementor-section-height-default elementor-section-height-default\" data-id=\"20f66c5\" data-element_type=\"section\">\n\t\t\t\t\t\t<div class=\"elementor-container elementor-column-gap-default\">\n\t\t\t\t\t<div class=\"penci-ercol-100 penci-ercol-order-1 penci-sticky-ct    elementor-column elementor-col-100 elementor-top-column elementor-element elementor-element-0851823\" data-id=\"0851823\" data-element_type=\"column\">\n\t\t\t<div class=\"elementor-widget-wrap elementor-element-populated\">\n\t\t\t\t\t\t\t\t<div class=\"elementor-element elementor-element-7d48eca elementor-widget elementor-widget-wp-widget-text\" data-id=\"7d48eca\" data-element_type=\"widget\" data-widget_type=\"wp-widget-text.default\">\n\t\t\t\t<div class=\"elementor-widget-container\">\n\t\t\t\t\t\t<div class=\"textwidget\"><p>Patron portals: <a href=\"http:\/\/www.erp-view.pl\">www.erp-view.pl \u00a0 <\/a><a href=\"http:\/\/www.magazynit.pl\">www.magazynit.pl \u00a0 <\/a><a href=\"http:\/\/www.erp24.pl\">www.erp24.pl<\/a><\/p>\n<\/div>\n\t\t\t\t<\/div>\n\t\t\t\t<\/div>\n\t\t\t\t\t<\/div>\n\t\t<\/div>\n\t\t\t\t\t\t\t<\/div>\n\t\t<\/section>\n\t\t\t\t<section class=\"penci-section penci-dmcheck penci-elbg-activate penci-disSticky penci-structure-10 elementor-section elementor-top-section elementor-element elementor-element-5008958 elementor-hidden-desktop elementor-hidden-tablet elementor-hidden-phone elementor-section-boxed elementor-section-height-default elementor-section-height-default\" data-id=\"5008958\" data-element_type=\"section\" data-settings=\"{&quot;background_background&quot;:&quot;classic&quot;}\">\n\t\t\t\t\t\t<div class=\"elementor-container elementor-column-gap-default\">\n\t\t\t\t\t<div class=\"penci-ercol-100 penci-ercol-order-1 penci-sticky-ct    elementor-column elementor-col-100 elementor-top-column elementor-element elementor-element-810c147\" data-id=\"810c147\" data-element_type=\"column\">\n\t\t\t<div class=\"elementor-widget-wrap elementor-element-populated\">\n\t\t\t\t\t\t\t\t<div class=\"elementor-element elementor-element-2460975 penci-h-poswrap-center penci-v-poswrap-middle elementor-widget elementor-widget-penci-custom-sliders\" data-id=\"2460975\" data-element_type=\"widget\" data-widget_type=\"penci-custom-sliders.default\">\n\t\t\t\t<div class=\"elementor-widget-container\">\n\t\t\t<div class=\"penci-block-vc penci-custom-slides\"><div class=\"penci-block_content penci-slides-wrap swiper penci-owl-carousel penci-owl-carousel-slider pcdots-dots\"  data-items=\"1\" data-auto=\"true\" data-autotime=\"1\" data-speed=\"1\" data-anim=\"slide\" data-ceffect=\"swing\" data-seffect=\"creative\"><div class=\"swiper-wrapper\"><div class=\"swiper-slide elementor-repeater-item-f2e3c5b penci-ctslide-wrap\"><div class=\"penci-custom-slide\"><div class=\"penci-ctslide-bg\"><\/div><div class=\"penci-ctslide-inner\"><div class=\"penci-ctslider-content penci-fadeInLeft\"><h2 class=\"pencislider-title\">Politechnika \u015al\u0105ska Wydzia\u0142 Organizacji i Zarz\u0105dzania<\/h2><div class=\"pencislider-caption\">dr hab.Aleksandra Kuzior, prof. P\u015a <\/div><\/div><\/div><\/div><\/div><div class=\"swiper-slide elementor-repeater-item-e4a52b5 penci-ctslide-wrap\"><div class=\"penci-custom-slide\"><div class=\"penci-ctslide-bg\"><\/div><div class=\"penci-ctslide-inner\"><div class=\"penci-ctslider-content penci-fadeInLeft\"><h2 class=\"pencislider-title\">Magazyn Ekologia<\/h2><\/div><\/div><\/div><\/div><\/div><\/div><\/div>\t\t<\/div>\n\t\t\t\t<\/div>\n\t\t\t\t\t<\/div>\n\t\t<\/div>\n\t\t\t\t\t\t\t<\/div>\n\t\t<\/section>\n\t\t\t\t\t\t\t<\/div>\n\t\t","protected":false},"excerpt":{"rendered":"<p>Patronage Previous Next Politechnika \u015al\u0105ska Wydzia\u0142 Organizacji i Zarz\u0105dzania dr hab.Aleksandra Kuzior, prof. P\u015a Magazyn Ekologia<\/p>\n","protected":false},"author":1,"featured_media":0,"parent":0,"menu_order":0,"comment_status":"closed","ping_status":"closed","template":"page-fullwidth.php","meta":{"footnotes":""},"_links":{"self":[{"href":"https:\/\/itprzemysl40.com\/edycja-2022\/wp-json\/wp\/v2\/pages\/1560"}],"collection":[{"href":"https:\/\/itprzemysl40.com\/edycja-2022\/wp-json\/wp\/v2\/pages"}],"about":[{"href":"https:\/\/itprzemysl40.com\/edycja-2022\/wp-json\/wp\/v2\/types\/page"}],"author":[{"embeddable":true,"href":"https:\/\/itprzemysl40.com\/edycja-2022\/wp-json\/wp\/v2\/users\/1"}],"replies":[{"embeddable":true,"href":"https:\/\/itprzemysl40.com\/edycja-2022\/wp-json\/wp\/v2\/comments?post=1560"}],"version-history":[{"count":10,"href":"https:\/\/itprzemysl40.com\/edycja-2022\/wp-json\/wp\/v2\/pages\/1560\/revisions"}],"predecessor-version":[{"id":1730,"href":"https:\/\/itprzemysl40.com\/edycja-2022\/wp-json\/wp\/v2\/pages\/1560\/revisions\/1730"}],"wp:attachment":[{"href":"https:\/\/itprzemysl40.com\/edycja-2022\/wp-json\/wp\/v2\/media?parent=1560"}],"curies":[{"name":"wp","href":"https:\/\/api.w.org\/{rel}","templated":true}]}}