{"id":1309,"date":"2022-03-11T10:48:32","date_gmt":"2022-03-11T09:48:32","guid":{"rendered":"https:\/\/itprzemysl40.com\/edycja-2022\/?page_id=1309"},"modified":"2022-03-11T10:49:54","modified_gmt":"2022-03-11T09:49:54","slug":"rejestracja","status":"publish","type":"page","link":"https:\/\/itprzemysl40.com\/edycja-2022\/rejestracja\/","title":{"rendered":"Rejestracja"},"content":{"rendered":"\t\t<div data-elementor-type=\"wp-page\" data-elementor-id=\"1309\" class=\"elementor elementor-1309\" data-elementor-post-type=\"page\">\n\t\t\t\t\t\t\t\t\t<section class=\"penci-section penci-dmcheck penci-elbg-activate penci-disSticky penci-structure-20 elementor-section elementor-top-section elementor-element elementor-element-0a973c6 elementor-section-content-middle elementor-section-boxed elementor-section-height-default elementor-section-height-default\" data-id=\"0a973c6\" data-element_type=\"section\" data-settings=\"{&quot;background_background&quot;:&quot;classic&quot;}\">\n\t\t\t\t\t\t<div class=\"elementor-container elementor-column-gap-wider\">\n\t\t\t\t\t<div class=\"penci-ercol-50 penci-ercol-order-1 penci-sticky-ct    elementor-column elementor-col-50 elementor-top-column elementor-element elementor-element-90c2fea\" data-id=\"90c2fea\" data-element_type=\"column\">\n\t\t\t<div class=\"elementor-widget-wrap elementor-element-populated\">\n\t\t\t\t\t\t\t\t<div class=\"elementor-element elementor-element-ef0eb2e elementor-widget elementor-widget-penci-fancy_heading\" data-id=\"ef0eb2e\" data-element_type=\"widget\" data-widget_type=\"penci-fancy_heading.default\">\n\t\t\t\t<div class=\"elementor-widget-container\">\n\t\t\t\t\t<div class=\"penci-fancy-heading penci-heading-text-left\">\r\n\t\t\t<div class=\"penci-fancy-heading-inner\">\r\n\t\t\t\t<h2 class=\"penci-heading-title\"><span class=\"inner-tit\">Rejestracja<\/span><\/h2>\t\t\t<\/div>\r\n\t\t<\/div>\r\n\t\t\t\t<\/div>\n\t\t\t\t<\/div>\n\t\t\t\t\t<\/div>\n\t\t<\/div>\n\t\t\t\t<div class=\"penci-ercol-50 penci-ercol-order-2 penci-sticky-ct    elementor-column elementor-col-50 elementor-top-column elementor-element elementor-element-5189ae5\" data-id=\"5189ae5\" data-element_type=\"column\">\n\t\t\t<div class=\"elementor-widget-wrap\">\n\t\t\t\t\t\t\t\t\t<\/div>\n\t\t<\/div>\n\t\t\t\t\t\t\t<\/div>\n\t\t<\/section>\n\t\t\t\t<section class=\"penci-section penci-disSticky penci-structure-34 elementor-section elementor-top-section elementor-element elementor-element-a06befc elementor-section-boxed elementor-section-height-default elementor-section-height-default\" data-id=\"a06befc\" data-element_type=\"section\">\n\t\t\t\t\t\t<div class=\"elementor-container elementor-column-gap-default\">\n\t\t\t\t\t<div class=\"penci-ercol-16 penci-ercol-order-1 penci-sticky-ct    elementor-column elementor-col-16 elementor-top-column elementor-element elementor-element-e20c572\" data-id=\"e20c572\" data-element_type=\"column\">\n\t\t\t<div class=\"elementor-widget-wrap\">\n\t\t\t\t\t\t\t\t\t<\/div>\n\t\t<\/div>\n\t\t\t\t<div class=\"penci-ercol-66 penci-ercol-order-2 penci-sticky-ct    elementor-column elementor-col-66 elementor-top-column elementor-element elementor-element-7df6107\" data-id=\"7df6107\" data-element_type=\"column\">\n\t\t\t<div class=\"elementor-widget-wrap elementor-element-populated\">\n\t\t\t\t\t\t\t\t<div class=\"elementor-element elementor-element-4268702 elementor-widget elementor-widget-wp-widget-wpforms-widget\" data-id=\"4268702\" data-element_type=\"widget\" data-widget_type=\"wp-widget-wpforms-widget.default\">\n\t\t\t\t<div class=\"elementor-widget-container\">\n\t\t\t<div class=\"wpforms-container wpforms-container-full\" id=\"wpforms-1306\"><form id=\"wpforms-form-1306\" class=\"wpforms-validate wpforms-form wpforms-ajax-form\" data-formid=\"1306\" method=\"post\" enctype=\"multipart\/form-data\" action=\"\/edycja-2022\/wp-json\/wp\/v2\/pages\/1309\"><div class=\"wpforms-field-container\"><div id=\"wpforms-1306-field_2-container\" class=\"wpforms-field wpforms-field-name\" data-field-id=\"2\"><label class=\"wpforms-field-label\" for=\"wpforms-1306-field_2\">1. Imi\u0119 i Nazwisko <span class=\"wpforms-required-label\">*<\/span><\/label><input type=\"text\" id=\"wpforms-1306-field_2\" class=\"wpforms-field-medium wpforms-field-required\" name=\"wpforms[fields][2]\" required><\/div><div id=\"wpforms-1306-field_3-container\" class=\"wpforms-field wpforms-field-text\" data-field-id=\"3\"><label class=\"wpforms-field-label\" for=\"wpforms-1306-field_3\">2. Tytu\u0142 naukowy \/ stanowisko <span class=\"wpforms-required-label\">*<\/span><\/label><input type=\"text\" id=\"wpforms-1306-field_3\" class=\"wpforms-field-medium wpforms-field-required\" name=\"wpforms[fields][3]\" required><\/div><div id=\"wpforms-1306-field_4-container\" class=\"wpforms-field wpforms-field-text\" data-field-id=\"4\"><label class=\"wpforms-field-label\" for=\"wpforms-1306-field_4\">3. Uczelnia \/ Instytucja \/ Firma <span class=\"wpforms-required-label\">*<\/span><\/label><input type=\"text\" id=\"wpforms-1306-field_4\" class=\"wpforms-field-medium wpforms-field-required\" name=\"wpforms[fields][4]\" required><\/div><div id=\"wpforms-1306-field_5-container\" class=\"wpforms-field wpforms-field-email\" data-field-id=\"5\"><label class=\"wpforms-field-label\" for=\"wpforms-1306-field_5\">4. Email <span class=\"wpforms-required-label\">*<\/span><\/label><input type=\"email\" id=\"wpforms-1306-field_5\" class=\"wpforms-field-medium wpforms-field-required\" name=\"wpforms[fields][5]\" required><\/div><div id=\"wpforms-1306-field_6-container\" class=\"wpforms-field wpforms-field-phone\" data-field-id=\"6\"><label class=\"wpforms-field-label\" for=\"wpforms-1306-field_6\">5. Telefon<\/label><input type=\"tel\" id=\"wpforms-1306-field_6\" class=\"wpforms-field-medium\" name=\"wpforms[fields][6]\" ><\/div><div id=\"wpforms-1306-field_7-container\" class=\"wpforms-field wpforms-field-radio\" data-field-id=\"7\"><label class=\"wpforms-field-label\" for=\"wpforms-1306-field_7\">6. Udzia\u0142 w konferencji: <span class=\"wpforms-required-label\">*<\/span><\/label><ul id=\"wpforms-1306-field_7\" class=\"wpforms-field-required\"><li class=\"choice-1 depth-1\"><input type=\"radio\" id=\"wpforms-1306-field_7_1\" name=\"wpforms[fields][7]\" value=\"26 i 27 maja 2022                                          \" required ><label class=\"wpforms-field-label-inline\" for=\"wpforms-1306-field_7_1\">26 i 27 maja 2022                                          <\/label><\/li><li class=\"choice-2 depth-1\"><input type=\"radio\" id=\"wpforms-1306-field_7_2\" name=\"wpforms[fields][7]\" value=\"tylko 26 maja 2022\" required ><label class=\"wpforms-field-label-inline\" for=\"wpforms-1306-field_7_2\">tylko 26 maja 2022<\/label><\/li><li class=\"choice-3 depth-1\"><input type=\"radio\" id=\"wpforms-1306-field_7_3\" name=\"wpforms[fields][7]\" value=\"tylko 27 maja 2022\" required ><label class=\"wpforms-field-label-inline\" for=\"wpforms-1306-field_7_3\">tylko 27 maja 2022<\/label><\/li><\/ul><\/div><div id=\"wpforms-1306-field_8-container\" class=\"wpforms-field wpforms-field-checkbox wpforms-conditional-trigger\" data-field-id=\"8\"><label class=\"wpforms-field-label\" for=\"wpforms-1306-field_8\">7. Forma uczestnictwa <span class=\"wpforms-required-label\">*<\/span><\/label><ul id=\"wpforms-1306-field_8\" class=\"wpforms-field-required\"><li class=\"choice-1 depth-1\"><input type=\"checkbox\" id=\"wpforms-1306-field_8_1\" name=\"wpforms[fields][8][]\" value=\"uczestnik\" required ><label class=\"wpforms-field-label-inline\" for=\"wpforms-1306-field_8_1\">uczestnik<\/label><\/li><li class=\"choice-2 depth-1\"><input type=\"checkbox\" id=\"wpforms-1306-field_8_2\" name=\"wpforms[fields][8][]\" value=\"prelegent\" required ><label class=\"wpforms-field-label-inline\" for=\"wpforms-1306-field_8_2\">prelegent<\/label><\/li><li class=\"choice-3 depth-1\"><input type=\"checkbox\" id=\"wpforms-1306-field_8_3\" name=\"wpforms[fields][8][]\" value=\"autor artyku\u0142u pokonferencyjnego\" required ><label class=\"wpforms-field-label-inline\" for=\"wpforms-1306-field_8_3\">autor artyku\u0142u pokonferencyjnego<\/label><\/li><li class=\"choice-4 depth-1\"><input type=\"checkbox\" id=\"wpforms-1306-field_8_4\" name=\"wpforms[fields][8][]\" value=\"on-line\" required ><label class=\"wpforms-field-label-inline\" for=\"wpforms-1306-field_8_4\">on-line<\/label><\/li><\/ul><div class=\"wpforms-field-description\">Mo\u017cliwo\u015b\u0107 wielokrotnego wyboru.<\/div><\/div><div id=\"wpforms-1306-field_9-container\" class=\"wpforms-field wpforms-field-text wpforms-conditional-field wpforms-conditional-show\" data-field-id=\"9\" style=\"display:none;\"><label class=\"wpforms-field-label\" for=\"wpforms-1306-field_9\">8a. W przypadku ch\u0119ci wyg\u0142oszenia wyk\u0142adu prosimy o podanie tematu wyst\u0105pienia. <span class=\"wpforms-required-label\">*<\/span><\/label><input type=\"text\" id=\"wpforms-1306-field_9\" class=\"wpforms-field-medium wpforms-field-required\" name=\"wpforms[fields][9]\" required><\/div><div id=\"wpforms-1306-field_10-container\" class=\"wpforms-field wpforms-field-text wpforms-conditional-field wpforms-conditional-show\" data-field-id=\"10\" style=\"display:none;\"><label class=\"wpforms-field-label\" for=\"wpforms-1306-field_10\">8b. Je\u015bli chcesz opublikowa\u0107 artyku\u0142, wpisz tytu\u0142:  <span class=\"wpforms-required-label\">*<\/span><\/label><input type=\"text\" id=\"wpforms-1306-field_10\" class=\"wpforms-field-medium wpforms-field-required\" name=\"wpforms[fields][10]\" required><\/div><div id=\"wpforms-1306-field_11-container\" class=\"wpforms-field wpforms-field-textarea\" data-field-id=\"11\"><label class=\"wpforms-field-label\" for=\"wpforms-1306-field_11\">Komentarze lub pytania<\/label><textarea id=\"wpforms-1306-field_11\" class=\"wpforms-field-medium\" name=\"wpforms[fields][11]\" ><\/textarea><\/div><div id=\"wpforms-1306-field_12-container\" class=\"wpforms-field wpforms-field-captcha\" data-field-id=\"12\"><label class=\"wpforms-field-label\" for=\"wpforms-1306-field_12\">Captcha <span class=\"wpforms-required-label\">*<\/span><\/label>\t\t\t<div class=\"wpforms-captcha-math\">\n\t\t\t\t<span class=\"wpforms-captcha-equation\">\n\t\t\t\t\t<span class=\"n1\"><\/span>\n\t\t\t\t\t<span class=\"cal\"><\/span>\n\t\t\t\t\t<span class=\"n2\"><\/span>\n\t\t\t\t\t<span class=\"e\">=<\/span>\n\t\t\t\t<\/span>\n\t\t\t\t<input type=\"text\" id=\"wpforms-1306-field_12\" class=\"wpforms-field-medium wpforms-field-required a\" data-rule-wpf-captcha=\"math\" name=\"wpforms[fields][12][a]\" required>\t\t\t\t<input type=\"hidden\" name=\"wpforms[fields][12][cal]\" class=\"cal\">\n\t\t\t\t<input type=\"hidden\" name=\"wpforms[fields][12][n2]\" class=\"n2\">\n\t\t\t\t<input type=\"hidden\" name=\"wpforms[fields][12][n1]\" class=\"n1\">\n\t\t\t<\/div>\n\t\t\t<\/div><\/div><div class=\"wpforms-field wpforms-field-hp\"><label for=\"wpforms-1306-field-hp\" class=\"wpforms-field-label\">Comment<\/label><input type=\"text\" name=\"wpforms[hp]\" id=\"wpforms-1306-field-hp\" class=\"wpforms-field-medium\"><\/div><div class=\"wpforms-submit-container\" ><input type=\"hidden\" name=\"wpforms[id]\" value=\"1306\"><input type=\"hidden\" name=\"wpforms[author]\" value=\"1\"><button type=\"submit\" name=\"wpforms[submit]\" class=\"wpforms-submit \" id=\"wpforms-submit-1306\" value=\"wpforms-submit\" aria-live=\"assertive\" data-alt-text=\"Wysy\u0142anie...\" data-submit-text=\"Zarejestruj si\u0119\">Zarejestruj si\u0119<\/button><img decoding=\"async\" src=\"https:\/\/itprzemysl40.com\/edycja-2022\/wp-content\/plugins\/wpforms\/assets\/images\/submit-spin.svg\" class=\"wpforms-submit-spinner\" style=\"display: none;\"><\/div><\/form><\/div>  <!-- .wpforms-container -->\t\t<\/div>\n\t\t\t\t<\/div>\n\t\t\t\t\t<\/div>\n\t\t<\/div>\n\t\t\t\t<div class=\"penci-ercol-16 penci-ercol-order-3 penci-sticky-ct    elementor-column elementor-col-16 elementor-top-column elementor-element elementor-element-2a37a96\" data-id=\"2a37a96\" data-element_type=\"column\">\n\t\t\t<div class=\"elementor-widget-wrap\">\n\t\t\t\t\t\t\t\t\t<\/div>\n\t\t<\/div>\n\t\t\t\t\t\t\t<\/div>\n\t\t<\/section>\n\t\t\t\t\t\t\t<\/div>\n\t\t","protected":false},"excerpt":{"rendered":"<p>Rejestracja<\/p>\n","protected":false},"author":1,"featured_media":0,"parent":0,"menu_order":0,"comment_status":"closed","ping_status":"closed","template":"page-fullwidth.php","meta":{"footnotes":""},"_links":{"self":[{"href":"https:\/\/itprzemysl40.com\/edycja-2022\/wp-json\/wp\/v2\/pages\/1309"}],"collection":[{"href":"https:\/\/itprzemysl40.com\/edycja-2022\/wp-json\/wp\/v2\/pages"}],"about":[{"href":"https:\/\/itprzemysl40.com\/edycja-2022\/wp-json\/wp\/v2\/types\/page"}],"author":[{"embeddable":true,"href":"https:\/\/itprzemysl40.com\/edycja-2022\/wp-json\/wp\/v2\/users\/1"}],"replies":[{"embeddable":true,"href":"https:\/\/itprzemysl40.com\/edycja-2022\/wp-json\/wp\/v2\/comments?post=1309"}],"version-history":[{"count":4,"href":"https:\/\/itprzemysl40.com\/edycja-2022\/wp-json\/wp\/v2\/pages\/1309\/revisions"}],"predecessor-version":[{"id":1313,"href":"https:\/\/itprzemysl40.com\/edycja-2022\/wp-json\/wp\/v2\/pages\/1309\/revisions\/1313"}],"wp:attachment":[{"href":"https:\/\/itprzemysl40.com\/edycja-2022\/wp-json\/wp\/v2\/media?parent=1309"}],"curies":[{"name":"wp","href":"https:\/\/api.w.org\/{rel}","templated":true}]}}